{"id":114,"date":"2011-02-14T21:58:13","date_gmt":"2011-02-14T21:58:13","guid":{"rendered":"https:\/\/markeloop.de"},"modified":"2026-03-11T12:39:04","modified_gmt":"2026-03-11T11:39:04","slug":"impressum-markeloop","status":"publish","type":"page","link":"https:\/\/markeloop.de\/internetagentur\/impressum-markeloop\/","title":{"rendered":"Impressum"},"content":{"rendered":"<p>Angaben gem\u00e4\u00df \u00a7 5 TMG:<\/p>\n<p>Daniel Hofmann<br \/>\nMarketingagentur<br \/>\nIn der Schelle 11<br \/>\n34431 Marsberg<\/p>\n<p>Telefon Marsberg: 02992-7863545<\/p>\n<p>Telefon Olsberg: 02985-6089929<\/p>\n<p>E-Mail: <a href=\"mailto:mail@markeloop.de\">mail@markeloop.de<\/a><\/p>\n<p>USt-IdNr.: \u00a0DE270541293<\/p>\n<p><em><strong>Bildnachweise:<\/strong><br \/>\n[magazine <em>\u00a9 Olga Struk, <\/em><\/em><em>clapboard (open box) \u00a9 ktsdesign, \u00a9 Zooropa,\u00a03D Puzzle isolated on white \u00a9 lixai, Teamwork \u00a9 imageteam, Search For Solution \u00a9 KonstantinosKokkinis, Puzzle and Solution \u00a9 James Thew, Social media &#8211; Word Cloud <em>\u00a9 Marco Rullk\u00f6tter, <\/em>3D Puzzle isolated on white \u00a9 lixai, puzzle solution \u00a9 James Thew, Person carry lightbulb of the puzzle \u00a9 AKS, film 28 \u00a9 raven] &#8211; fotolia.de<\/em><\/p>\n<p><em>Mickey Man &#8211; Istockphoto.com <\/em><\/p>\n<p>Foto Vortrag: Thomas Rensinghoff\u201c &#8211; Facebook (<a href=\"http:\/\/www.fb.com\/hellwegfotografie\" target=\"_blank\" rel=\"noopener\">http:\/\/www.fb.com\/hellwegfotografie)<\/a><\/p>\n<p><b>Verbraucherinformation: Online-Streitbeilegung gem\u00e4\u00df Art. 14 Abs. 1 ODR-VO<\/b><br \/>\nDie Europ\u00e4ische Kommission stellt eine Plattform zur Online-Streitbeilegung (OS) bereit, die Sie hier finden: <a href=\"http:\/\/ec.europa.eu\/consumers\/odr\" target=\"_blank\" rel=\"noopener\">http:\/\/ec.europa.eu\/consumers\/odr<\/a><\/p>\n<h2>Haftungsausschluss:<\/h2>\n<h3>Haftung f\u00fcr Inhalte<\/h3>\n<p>Die Inhalte unserer Seiten wurden mit gr\u00f6\u00dfter Sorgfalt erstellt. F\u00fcr die Richtigkeit, Vollst\u00e4ndigkeit und Aktualit\u00e4t der Inhalte k\u00f6nnen wir jedoch keine Gew\u00e4hr \u00fcbernehmen. Als Diensteanbieter sind wir gem\u00e4\u00df \u00a7 7 Abs.1 TMG f\u00fcr eigene Inhalte auf diesen Seiten nach den allgemeinen Gesetzen verantwortlich. Nach \u00a7\u00a7 8 bis 10 TMG sind wir als Diensteanbieter jedoch nicht verpflichtet, \u00fcbermittelte oder gespeicherte fremde Informationen zu \u00fcberwachen oder nach Umst\u00e4nden zu forschen, die auf eine rechtswidrige T\u00e4tigkeit hinweisen. Verpflichtungen zur Entfernung oder Sperrung der Nutzung von Informationen nach den allgemeinen Gesetzen bleiben hiervon unber\u00fchrt. Eine diesbez\u00fcgliche Haftung ist jedoch erst ab dem Zeitpunkt der Kenntnis einer konkreten Rechtsverletzung m\u00f6glich. Bei Bekanntwerden von entsprechenden Rechtsverletzungen werden wir diese Inhalte umgehend entfernen.<\/p>\n<h3>Haftung f\u00fcr Links<\/h3>\n<p>Unser Angebot enth\u00e4lt Links zu externen Webseiten Dritter, auf deren Inhalte wir keinen Einfluss haben. Deshalb k\u00f6nnen wir f\u00fcr diese fremden Inhalte auch keine Gew\u00e4hr \u00fcbernehmen. F\u00fcr die Inhalte der verlinkten Seiten ist stets der jeweilige Anbieter oder Betreiber der Seiten verantwortlich. Die verlinkten Seiten wurden zum Zeitpunkt der Verlinkung auf m\u00f6gliche Rechtsverst\u00f6\u00dfe \u00fcberpr\u00fcft. Rechtswidrige Inhalte waren zum Zeitpunkt der Verlinkung nicht erkennbar. Eine permanente inhaltliche Kontrolle der verlinkten Seiten ist jedoch ohne konkrete Anhaltspunkte einer Rechtsverletzung nicht zumutbar. Bei Bekanntwerden von Rechtsverletzungen werden wir derartige Links umgehend entfernen.<\/p>\n<p>&nbsp;<\/p>\n<h3>Urheberrecht<\/h3>\n<p>Die durch die Seitenbetreiber erstellten Inhalte und Werke auf diesen Seiten unterliegen dem deutschen Urheberrecht. Die Vervielf\u00e4ltigung, Bearbeitung, Verbreitung und jede Art der Verwertung au\u00dferhalb der Grenzen des Urheberrechtes bed\u00fcrfen der schriftlichen Zustimmung des jeweiligen Autors bzw. Erstellers. Downloads und Kopien dieser Seite sind nur f\u00fcr den privaten, nicht kommerziellen Gebrauch gestattet. Soweit die Inhalte auf dieser Seite nicht vom Betreiber erstellt wurden, werden die Urheberrechte Dritter beachtet. Insbesondere werden Inhalte Dritter als solche gekennzeichnet. Sollten Sie trotzdem auf eine Urheberrechtsverletzung aufmerksam werden, bitten wir um einen entsprechenden Hinweis. Bei Bekanntwerden von Rechtsverletzungen werden wir derartige Inhalte umgehend entfernen.<\/p>\n<p>&nbsp;<\/p>\n","protected":false},"excerpt":{"rendered":"<p>Angaben gem\u00e4\u00df \u00a7 5 TMG: Daniel Hofmann Marketingagentur In der Schelle 11 34431 Marsberg Telefon Marsberg: 02992-7863545 Telefon Olsberg: 02985-6089929 E-Mail: mail@markeloop.de USt-IdNr.: \u00a0DE270541293 Bildnachweise:&hellip;<\/p>\n","protected":false},"author":1,"featured_media":0,"parent":0,"menu_order":10,"comment_status":"closed","ping_status":"closed","template":"","meta":{"rank_math_lock_modified_date":false,"footnotes":"","_links_to":"","_links_to_target":""},"class_list":["post-114","page","type-page","status-publish","hentry"],"_links":{"self":[{"href":"https:\/\/markeloop.de\/internetagentur\/wp-json\/wp\/v2\/pages\/114","targetHints":{"allow":["GET"]}}],"collection":[{"href":"https:\/\/markeloop.de\/internetagentur\/wp-json\/wp\/v2\/pages"}],"about":[{"href":"https:\/\/markeloop.de\/internetagentur\/wp-json\/wp\/v2\/types\/page"}],"author":[{"embeddable":true,"href":"https:\/\/markeloop.de\/internetagentur\/wp-json\/wp\/v2\/users\/1"}],"replies":[{"embeddable":true,"href":"https:\/\/markeloop.de\/internetagentur\/wp-json\/wp\/v2\/comments?post=114"}],"version-history":[{"count":1,"href":"https:\/\/markeloop.de\/internetagentur\/wp-json\/wp\/v2\/pages\/114\/revisions"}],"predecessor-version":[{"id":23009,"href":"https:\/\/markeloop.de\/internetagentur\/wp-json\/wp\/v2\/pages\/114\/revisions\/23009"}],"wp:attachment":[{"href":"https:\/\/markeloop.de\/internetagentur\/wp-json\/wp\/v2\/media?parent=114"}],"curies":[{"name":"wp","href":"https:\/\/api.w.org\/{rel}","templated":true}]}}