{"id":22922,"date":"2024-10-11T14:09:26","date_gmt":"2024-10-11T12:09:26","guid":{"rendered":"https:\/\/markeloop.de\/internetagentur\/?page_id=22922"},"modified":"2024-10-11T14:11:12","modified_gmt":"2024-10-11T12:11:12","slug":"suchmaschinenoptimierung","status":"publish","type":"page","link":"https:\/\/markeloop.de\/internetagentur\/das-online-puzzleteil\/suchmaschinenoptimierung\/","title":{"rendered":"Suchmaschinenoptimierung"},"content":{"rendered":"<div class=\"su-row\"><div class=\"su-column su-column-size-1-2\"><div class=\"su-column-inner su-u-clearfix su-u-trim\">\n<p>Sie haben eine Website, aber Ihre Besucher bleiben aus? Wie ist Ihre Position bei Google und Co? Wie gut werden Sie von Ihren Kunden gefunden? Wissen Sie vor allem genau, ob Ihr Kunde Sie mit den W\u00f6rtern auf die Sie Ihre Website optimiert haben, sucht?<\/p>\n<p>Der sch\u00f6nste Webauftritt macht nur wenig Sinn, wenn dieser nicht gesehen wird.<\/p>\n<p>Um eine Website erfolgreich zu machen, sind Folgeschritte wichtig. Diese finden an Ihrer Internetseite selbst und unabh\u00e4ngig von Ihrer Internetseite statt. Beide Bereiche verfolgen die selben Ziele: Ihre Website bekannt zu machen!<\/p>\n<p>Bereits bei der Websiteerstellung werden die Struktur und die Hintergrundinformationen beachtet. Dabei erstellt Markeloop geeignete Schl\u00fcsselw\u00f6rter (Keywords), eine dazugeh\u00f6rige Description und die Meta Tags, die f\u00fcr Suchmaschinen wichtige Informationen darstellen.<\/p>\n<p>Auch Ihre Textbausteine und Ihre Bilder sind wichtig f\u00fcr die Auffindbarkeit. Neben dieser Grundoptimierung werden auch Seitenlinks, Seitentitel und Seitenverzeichnisse angepasst.<\/p>\n<p>&nbsp;<\/p>\n<h3>Noch Fragen oder ein Projekt?<\/h3>\n\n<div class=\"wpcf7 no-js\" id=\"wpcf7-f3743-o1\" lang=\"en-US\" dir=\"ltr\">\n<div class=\"screen-reader-response\"><p role=\"status\" aria-live=\"polite\" aria-atomic=\"true\"><\/p> <ul><\/ul><\/div>\n<form action=\"\/internetagentur\/wp-json\/wp\/v2\/pages\/22922#wpcf7-f3743-o1\" method=\"post\" class=\"wpcf7-form init\" aria-label=\"Contact form\" novalidate=\"novalidate\" data-status=\"init\">\n<div style=\"display: none;\">\n<input type=\"hidden\" name=\"_wpcf7\" value=\"3743\" \/>\n<input type=\"hidden\" name=\"_wpcf7_version\" value=\"5.9.8\" \/>\n<input type=\"hidden\" name=\"_wpcf7_locale\" value=\"en_US\" \/>\n<input type=\"hidden\" name=\"_wpcf7_unit_tag\" value=\"wpcf7-f3743-o1\" \/>\n<input type=\"hidden\" name=\"_wpcf7_container_post\" value=\"0\" \/>\n<input type=\"hidden\" name=\"_wpcf7_posted_data_hash\" value=\"\" \/>\n<\/div>\n<p>Ihr Name\n<\/p>\n<p><span class=\"wpcf7-form-control-wrap\" data-name=\"text-358\"><input size=\"40\" maxlength=\"400\" class=\"wpcf7-form-control wpcf7-text\" aria-invalid=\"false\" value=\"\" type=\"text\" name=\"text-358\" \/><\/span>\n<\/p>\n<p>Ihr Unternehmen\n<\/p>\n<p><span class=\"wpcf7-form-control-wrap\" data-name=\"text-498\"><input size=\"40\" maxlength=\"400\" class=\"wpcf7-form-control wpcf7-text\" aria-invalid=\"false\" value=\"\" type=\"text\" name=\"text-498\" \/><\/span>\n<\/p>\n<p>Ihre Telefonnummer\n<\/p>\n<p><span class=\"wpcf7-form-control-wrap\" data-name=\"text-617\"><input size=\"40\" maxlength=\"400\" class=\"wpcf7-form-control wpcf7-text\" aria-invalid=\"false\" value=\"\" type=\"text\" name=\"text-617\" \/><\/span>\n<\/p>\n<p>Ihre E-Mail-Adresse\n<\/p>\n<p><span class=\"wpcf7-form-control-wrap\" data-name=\"your-email\"><input size=\"40\" maxlength=\"400\" class=\"wpcf7-form-control wpcf7-email wpcf7-validates-as-required wpcf7-text wpcf7-validates-as-email\" aria-required=\"true\" aria-invalid=\"false\" value=\"\" type=\"email\" name=\"your-email\" \/><\/span>\n<\/p>\n<p>Ihre Nachricht\n<\/p>\n<p><span class=\"wpcf7-form-control-wrap\" data-name=\"your-message\"><textarea cols=\"40\" rows=\"10\" maxlength=\"2000\" class=\"wpcf7-form-control wpcf7-textarea\" aria-invalid=\"false\" name=\"your-message\"><\/textarea><\/span>\n<\/p>\n<p>Die <a href=\"https:\/\/markeloop.de\/datenschutz\">Datenschutzerkl\u00e4rung<\/a> habe ich gelesen und bin damit einverstanden\n<\/p>\n<p><span class=\"wpcf7-form-control-wrap\" data-name=\"acceptance-463\"><span class=\"wpcf7-form-control wpcf7-acceptance\"><span class=\"wpcf7-list-item\"><input type=\"checkbox\" name=\"acceptance-463\" value=\"1\" aria-invalid=\"false\" \/><\/span><\/span><\/span>\n<\/p>\n<p><input class=\"wpcf7-form-control wpcf7-submit has-spinner\" type=\"submit\" value=\"Senden\" \/>\n<\/p><input type=\"hidden\" id=\"ct_checkjs_cf7_934815ad542a4a7c5e8a2dfa04fea9f5\" name=\"ct_checkjs_cf7\" value=\"0\" \/><script >setTimeout(function(){var ct_input_name = \"ct_checkjs_cf7_934815ad542a4a7c5e8a2dfa04fea9f5\";if (document.getElementById(ct_input_name) !== null) {var ct_input_value = document.getElementById(ct_input_name).value;document.getElementById(ct_input_name).value = document.getElementById(ct_input_name).value.replace(ct_input_value, '945778924');}}, 1000);<\/script><input\n                    class=\"apbct_special_field apbct_email_id__wp_contact_form_7\"\n                    name=\"apbct__email_id__wp_contact_form_7\"\n                    aria-label=\"apbct__label_id__wp_contact_form_7\"\n                    type=\"text\" size=\"30\" maxlength=\"200\" autocomplete=\"off\"\n                    value=\"\"\n                \/><div class=\"wpcf7-response-output\" aria-hidden=\"true\"><\/div>\n<\/form>\n<\/div>\n\n<\/div><\/div>\n<div class=\"su-column su-column-size-1-2\"><div class=\"su-column-inner su-u-clearfix su-u-trim\"> <div class=\"su-box su-box-style-noise\" id=\"\" style=\"border-color:#cccccc;border-radius:1px\"><div class=\"su-box-title\" style=\"background-color:#ffffff;color:#000000;border-top-left-radius:0px;border-top-right-radius:0px\">Leistungen <\/div><div class=\"su-box-content su-u-clearfix su-u-trim\" style=\"border-bottom-left-radius:0px;border-bottom-right-radius:0px\">\n<p>&#8211; Vorabgespr\u00e4ch zu Ihren Zielen und Anforderungen<br \/>\n&#8211; Gemeinsame Definition von wichtigen Begriffen f\u00fcr Google und Co.<br \/>\n&#8211; Komplette Optimierung Ihrer Website hinsichtlich Texte, \u00dcberschriften, Links und Bilder<br \/>\n&#8211; Auswertungstool<\/p>\n<\/div><\/div> <div class=\"su-box su-box-style-noise\" id=\"\" style=\"border-color:#cccccc;border-radius:1px\"><div class=\"su-box-title\" style=\"background-color:#ffffff;color:#000000;border-top-left-radius:0px;border-top-right-radius:0px\">Geeignet f\u00fcr<\/div><div class=\"su-box-content su-u-clearfix su-u-trim\" style=\"border-bottom-left-radius:0px;border-bottom-right-radius:0px\"> Unternehmen, die erfolgreich im Internet und gefunden werden wollen. <\/div><\/div>\n<p>&nbsp;<\/p>\n<\/div><\/div> <\/div>\n","protected":false},"excerpt":{"rendered":"","protected":false},"author":1,"featured_media":0,"parent":3708,"menu_order":0,"comment_status":"closed","ping_status":"closed","template":"","meta":{"rank_math_lock_modified_date":false,"footnotes":"","_links_to":"","_links_to_target":""},"class_list":["post-22922","page","type-page","status-publish","hentry"],"_links":{"self":[{"href":"https:\/\/markeloop.de\/internetagentur\/wp-json\/wp\/v2\/pages\/22922","targetHints":{"allow":["GET"]}}],"collection":[{"href":"https:\/\/markeloop.de\/internetagentur\/wp-json\/wp\/v2\/pages"}],"about":[{"href":"https:\/\/markeloop.de\/internetagentur\/wp-json\/wp\/v2\/types\/page"}],"author":[{"embeddable":true,"href":"https:\/\/markeloop.de\/internetagentur\/wp-json\/wp\/v2\/users\/1"}],"replies":[{"embeddable":true,"href":"https:\/\/markeloop.de\/internetagentur\/wp-json\/wp\/v2\/comments?post=22922"}],"version-history":[{"count":3,"href":"https:\/\/markeloop.de\/internetagentur\/wp-json\/wp\/v2\/pages\/22922\/revisions"}],"predecessor-version":[{"id":22925,"href":"https:\/\/markeloop.de\/internetagentur\/wp-json\/wp\/v2\/pages\/22922\/revisions\/22925"}],"up":[{"embeddable":true,"href":"https:\/\/markeloop.de\/internetagentur\/wp-json\/wp\/v2\/pages\/3708"}],"wp:attachment":[{"href":"https:\/\/markeloop.de\/internetagentur\/wp-json\/wp\/v2\/media?parent=22922"}],"curies":[{"name":"wp","href":"https:\/\/api.w.org\/{rel}","templated":true}]}}