{"id":3708,"date":"2015-02-05T08:39:26","date_gmt":"2015-02-05T07:39:26","guid":{"rendered":"https:\/\/markeloop.de\/?page_id=3708"},"modified":"2024-10-10T12:10:56","modified_gmt":"2024-10-10T10:10:56","slug":"das-online-puzzleteil","status":"publish","type":"page","link":"https:\/\/markeloop.de\/internetagentur\/das-online-puzzleteil\/","title":{"rendered":"Portfolio"},"content":{"rendered":"<p style=\"text-align: justify;\"><div class=\"su-tabs su-tabs-style-default su-tabs-mobile-stack\" data-active=\"1\" data-scroll-offset=\"0\" data-anchor-in-url=\"no\"><div class=\"su-tabs-nav\"><span class=\"\" data-url=\"\" data-target=\"blank\" tabindex=\"0\" role=\"button\">Die Marketing Analyse<\/span><span class=\"\" data-url=\"\" data-target=\"blank\" tabindex=\"0\" role=\"button\">Die Websiteerstellung<\/span><span class=\"\" data-url=\"\" data-target=\"blank\" tabindex=\"0\" role=\"button\">Websiteoptimierung &amp; SEO<\/span><span class=\"\" data-url=\"\" data-target=\"blank\" tabindex=\"0\" role=\"button\">Onlinemarketing<\/span><span class=\"\" data-url=\"\" data-target=\"blank\" tabindex=\"0\" role=\"button\">Auswertung und Kontrolle<\/span><\/div><div class=\"su-tabs-panes\"><div class=\"su-tabs-pane su-u-clearfix su-u-trim\" data-title=\"Die Marketing Analyse\">\n<p style=\"text-align: justify;\"><a href=\"https:\/\/markeloop.de\/wp-content\/uploads\/2011\/02\/erfolgreich-bei-google-unternehmen1.png\"><img fetchpriority=\"high\" decoding=\"async\" class=\"alignright wp-image-1299\" title=\"erfolgreich-bei-google-unternehmen\" src=\"https:\/\/markeloop.de\/wp-content\/uploads\/2011\/02\/erfolgreich-bei-google-unternehmen1.png\" alt=\"\" width=\"392\" height=\"386\" srcset=\"https:\/\/markeloop.de\/internetagentur\/wp-content\/uploads\/sites\/3\/2011\/02\/erfolgreich-bei-google-unternehmen1.png 1000w, https:\/\/markeloop.de\/internetagentur\/wp-content\/uploads\/sites\/3\/2011\/02\/erfolgreich-bei-google-unternehmen1-300x295.png 300w, https:\/\/markeloop.de\/internetagentur\/wp-content\/uploads\/sites\/3\/2011\/02\/erfolgreich-bei-google-unternehmen1-768x756.png 768w\" sizes=\"(max-width: 392px) 100vw, 392px\" \/><\/a>Bevor es richtig los geht, ist es wichtig sich Gedanken dar\u00fcber zu machen, was Sie<\/p>\n<p style=\"text-align: justify;\">Die eigentliche Arbeit von Markeloop\u00a0beginnt mit einem Marketingkonzept &#8211; der ganzheitliche Ansatz und die langfristige Betreuung von Kunden ist uns wichtig.<\/p>\n<p style=\"text-align: justify;\">\u00dcber den sogenannten\u00a0Marke(ting) &#8211; Loop(ing)\u00a0betrachtet Markeloop Ihr Unternehmen zun\u00e4chst \u00fcber einen Analyseprozess des IST Zustandes. Danach werden Projektziele definiert.<\/p>\n<p style=\"text-align: justify;\">Um diese Ziele bestm\u00f6glich erreichen zu k\u00f6nnen, entwickelt Markeloop die f\u00fcr Sie optimalen Marketingbausteine und setzt diese unter Ber\u00fccksichtigung von st\u00e4ndiger Kontrolle auf dem Markt um. Dabei beachtet Markeloop Ihre Budgetvorstellungen und Ihre Wettbewerbsposition.<\/p>\n<p style=\"text-align: justify;\">Das Marketingkonzept bildet in allen\u00a0Portfoliobereichen von Markeloop eine Grundlage f\u00fcr Ihr erfolgreiches Onlinemarketing.<\/p>\n<p style=\"text-align: justify;\"><\/div>\n<div class=\"su-tabs-pane su-u-clearfix su-u-trim\" data-title=\"Die Websiteerstellung\">\n<p style=\"text-align: justify;\"><strong><a href=\"https:\/\/markeloop.de\/wp-content\/uploads\/2011\/02\/internetseiten-fuer-unternehmen.png\"><img decoding=\"async\" class=\"alignright wp-image-1301\" title=\"internetseiten-fuer-unternehmen\" src=\"https:\/\/markeloop.de\/wp-content\/uploads\/2011\/02\/internetseiten-fuer-unternehmen-682x1024.png\" alt=\"\" width=\"343\" height=\"516\" \/><\/a><\/strong>Bevor Sie mit Ihrem Unternehmen im Internet starten, ist es wichtig sich das Ziel der Website vor die Augen zu f\u00fchren. Stellen Sie sich folgende Grundfragen:<\/p>\n<p>&#8211; Was und wen will ich mit der Website erreichen? &#8211; Ist die Website mein Hauptmarketingweg? &#8211; Plane ich langfristige Erweiterungen auf der Website? &#8211; Wer soll die Website verwalten und pflegen k\u00f6nnen? &#8211; Wie soll mein Unternehmen generell im Web auftreten? \u00a0 <strong> Markeloop<\/strong> bietet <strong>Websitel\u00f6sungen<\/strong> in Verbindung mit <strong>kompetenter Beratung<\/strong> und einen <strong>schnellen und flexiblen<\/strong>\u00a0<strong>Rundumservice<\/strong> f\u00fcr den <strong>Kleinunternehmer<\/strong> bis hin zum\u00a0<strong>Mittelstand<\/strong>. Neben Responsive Design und der damit verbundenen Kompabilit\u00e4t in Bezug auf mobile Endger\u00e4te stehen bei der Entwicklung und Betreuung Ihre W\u00fcnsche im Fokus.<\/p>\n<p style=\"text-align: justify;\"><strong>WordPress<\/strong> hat sich als <strong>CMS-System<\/strong> mittlerweile etabliert und ben\u00f6tigt als kostenfreie Software lediglich einen Webserver. Die Inhalte und das Design werden klar getrennt und die Bedienung ist einfach gehalten. Es <strong>kann sowohl eine kosteng\u00fcnstige und professionelle Variante f\u00fcr den Einstieg, <\/strong>aber auch ein <strong>System f\u00fcr komplexe Anwendungen<\/strong> sein. <strong>WordPress<\/strong> bietet zudem sogenannte Widgets und Plugins zur Erweiterung an. Hier wird das System stetig entwickelt und die M\u00f6glichkeiten an aktuelle Trends angepasst.<\/p>\n<p style=\"text-align: justify;\">Das intuitiv bedienbare Content Management System besticht durch einen umfangreichen Funktionsumfang. Ein \u00dcberblick der wichtigsten Funktionen: \u00a0 &#8211; Trennung von Inhalt und Design durch Templates (Musterseiten) &#8211; Einfache und intuitive Bedienung \u00fcber eine graphische Browser-Oberfl\u00e4che &#8211; Rasche \u00c4nderungen des Inhaltes, ohne HTML-Kenntnisse &#8211; Formatieren von Text in einem \u201eRich Text Editor\u201c &#8211; einfacher als MS Word &#8211; Bearbeitung der Inhalte auch direkt auf der Internetseite m\u00f6glich &#8211; Einfache Verwaltung mehrsprachiger Websites &#8211; Administration vollst\u00e4ndig \u00fcber Webbrowser &#8211; kostenfreie Software, die einmalig auf dem Server installiert wird &#8211; St\u00e4ndige Weiterentwicklung und neue Module, die entwickelt werden und kostenfrei erh\u00e4ltlich sind &#8211; Auswertungen mit Statistiken sind LIVE m\u00f6glich<\/p>\n<p style=\"text-align: justify;\"><\/div>\n<div class=\"su-tabs-pane su-u-clearfix su-u-trim\" data-title=\"Websiteoptimierung &amp; SEO\">\n<p style=\"text-align: justify;\"><a href=\"https:\/\/markeloop.de\/wp-content\/uploads\/2011\/02\/onlinemarketing-websites-social-media.png\"><img decoding=\"async\" class=\"alignright wp-image-1280\" title=\"onlinemarketing-websites-social-media\" src=\"https:\/\/markeloop.de\/wp-content\/uploads\/2011\/02\/onlinemarketing-websites-social-media-682x1024.png\" alt=\"\" width=\"327\" height=\"491\" \/><\/a>Sie haben eine Website, aber Ihre Besucher bleiben aus? Wie ist Ihre Position bei Google und Co? Wie gut werden Sie von Ihren Kunden gefunden? Wissen Sie vor allem genau, ob Ihr Kunde Sie mit den W\u00f6rtern auf die Sie Ihre Website optimiert haben, sucht?<\/p>\n<p style=\"text-align: justify;\">Der sch\u00f6nste Webauftritt macht nur wenig Sinn, wenn dieser nicht gesehen wird.<\/p>\n<p style=\"text-align: justify;\">Um eine Website erfolgreich zu machen, sind Folgeschritte wichtig. Diese finden an Ihrer Internetseite selbst und unabh\u00e4ngig von Ihrer Internetseite statt. Beide Bereiche verfolgen die selben Ziele: Ihre Website bekannt zu machen!<\/p>\n<p style=\"text-align: justify;\">Bereits bei der Websiteerstellung werden die Struktur und die Hintergrundinformationen beachtet. Dabei erstellt Markeloop geeignete Schl\u00fcsselw\u00f6rter (Keywords), eine dazugeh\u00f6rige Description und die Meta Tags, die f\u00fcr Suchmaschinen wichtige Informationen darstellen.<\/p>\n<p style=\"text-align: justify;\">Auch Ihre Textbausteine und Ihre Bilder sind wichtig f\u00fcr die Auffindbarkeit. Neben dieser Grundoptimierung werden auch Seitenlinks, Seitentitel und Seitenverzeichnisse angepasst.<\/p>\n<p style=\"text-align: justify;\"><\/div>\n<div class=\"su-tabs-pane su-u-clearfix su-u-trim\" data-title=\"Onlinemarketing\">\n<p style=\"text-align: justify;\"><a href=\"https:\/\/markeloop.de\/wp-content\/uploads\/2011\/02\/websites-fuer-unternehmen-in-marsberg.png\"><img loading=\"lazy\" decoding=\"async\" class=\"alignright wp-image-1288\" title=\"websites-fuer-unternehmen-in-marsberg\" src=\"https:\/\/markeloop.de\/wp-content\/uploads\/2011\/02\/websites-fuer-unternehmen-in-marsberg-867x1024.png\" alt=\"\" width=\"386\" height=\"456\" srcset=\"https:\/\/markeloop.de\/internetagentur\/wp-content\/uploads\/sites\/3\/2011\/02\/websites-fuer-unternehmen-in-marsberg-867x1024.png 867w, https:\/\/markeloop.de\/internetagentur\/wp-content\/uploads\/sites\/3\/2011\/02\/websites-fuer-unternehmen-in-marsberg-254x300.png 254w, https:\/\/markeloop.de\/internetagentur\/wp-content\/uploads\/sites\/3\/2011\/02\/websites-fuer-unternehmen-in-marsberg-768x907.png 768w, https:\/\/markeloop.de\/internetagentur\/wp-content\/uploads\/sites\/3\/2011\/02\/websites-fuer-unternehmen-in-marsberg.png 1000w\" sizes=\"(max-width: 386px) 100vw, 386px\" \/><\/a>Nachdem die Website selbst optimiert ist, folgt der Schritt hinsichtlich erfolgreicher Positionierung im Web. Das Thema Onlinemarketing umfasst alle Ma\u00dfnahmen zur Bewerbung Ihres Webprojektes im Internet. Folgende M\u00f6glichkeiten sind dabei relevant: <div class=\"su-spoiler su-spoiler-style-default su-spoiler-icon-plus-square-1 su-spoiler-closed\" data-scroll-offset=\"0\" data-anchor-in-url=\"no\"><div class=\"su-spoiler-title\" tabindex=\"0\" role=\"button\"><span class=\"su-spoiler-icon\"><\/span>Social Media Marketing<\/div><div class=\"su-spoiler-content su-u-clearfix su-u-trim\">\n<p style=\"text-align: justify;\">Jeder twittert, bekommt t\u00e4glich neue Fans bei Facebook und findet neue Unternehmenskontakte bei Xing. Doch was hat dies alles mit genau Ihrem Unternehmen zu tun?<\/p>\n<p style=\"text-align: justify;\">T\u00e4glich werden mehrere Millionen von Nachrichten \u00fcber diese Dienste geschickt. Es w\u00e4re doch super Ihre Kunden \u00fcber diese kostenfreien Tools zu erreichen, oder?<\/p>\n<p style=\"text-align: justify;\">Doch bei mittlerweile mehreren tausend Plattformen\u00a0kann man schnell einmal den \u00dcberblick verlieren und fragt sich auch oft, welche Plattform f\u00fcr mein Unternehmen nun die Richtige ist?<\/p>\n<p style=\"text-align: justify;\">Markeloop schaut sich die Ziele Ihres Unternehmens an und pr\u00fcft dann, welche Social Networks f\u00fcr Sie geeignet sind. Man unterscheidet grunds\u00e4tzlich nach BtoB und BtoC Plattformen.\u00a0Ist man einmal angemeldet, sollte man in der Praxis auch dranbleiben, d.h. regelm\u00e4\u00dfige Aktualisierungen setzen und vor allem ein Netzwerk aus Kunden, Lieferanten und\u00a0Partnern aufbauen &#8211; das alles in Verbindung mit einem\u00a0CI-konformen Design.<\/p>\n<p style=\"text-align: justify;\">Wir unterst\u00fctzen Sie dabei und zeigen Ihnen, wie Sie Ihr Unternehmen erfolgreich im sozialen Netzwerk positionieren.<\/p>\n<p style=\"text-align: justify;\"><\/div><\/div><div class=\"su-spoiler su-spoiler-style-default su-spoiler-icon-plus-square-1 su-spoiler-closed\" data-scroll-offset=\"0\" data-anchor-in-url=\"no\"><div class=\"su-spoiler-title\" tabindex=\"0\" role=\"button\"><span class=\"su-spoiler-icon\"><\/span>Online PR &amp; Redaktionelle Arbeit<\/div><div class=\"su-spoiler-content su-u-clearfix su-u-trim\">\n<p style=\"text-align: justify;\">Als Unternehmen sollte man sich in regelm\u00e4\u00dfigen Abst\u00e4nden in der \u00d6ffentlichkeit pr\u00e4sentieren und \u00fcber Neuigkeiten berichten.<\/p>\n<p style=\"text-align: justify;\">Dabei ist es besonders wichtig professionell und einheitlich aufzutreten und gute Kontakte zu den Pressestellen vor Ort zu haben. Ein weiterer Weg in Kombination mit dem Onlinemarketing ist das sogenannte\u00a0Online-PR. Auch auf Ihrer Website ist es relevant stetig Inhalte von neuen Projekten, Terminen oder auch allgemeinen Unternehmensmeldungen zu ver\u00f6ffentlichen. Genau diese Schritte geben Ihrer Website<\/p>\n<p style=\"text-align: justify;\">Aber hier ist Vorsicht geboten: Nicht alle Zeitungen f\u00fchren zum gew\u00fcnschten Erfolg und die Online-Texte unterscheiden sich auch von einem redaktionellen Text in der regionalen Presse.<\/p>\n<p style=\"text-align: justify;\">Hier gilt\u00a0es stets zielorientiert und langfristig zu arbeiten. Aus eigener Erfahrung kennt Markeloop die M\u00f6glichkeiten und Erfolgschancen in diesem Bereich und hilft Ihnen dabei.<\/p>\n<p style=\"text-align: justify;\"><\/div><\/div><div class=\"su-spoiler su-spoiler-style-default su-spoiler-icon-plus-square-1 su-spoiler-closed\" data-scroll-offset=\"0\" data-anchor-in-url=\"no\"><div class=\"su-spoiler-title\" tabindex=\"0\" role=\"button\"><span class=\"su-spoiler-icon\"><\/span>E-Mail Marketing &amp; Kundenpflege<\/div><div class=\"su-spoiler-content su-u-clearfix su-u-trim\"> E-Mail Marketing ist ein weiterer Bestandteil f\u00fcr aktive Kundenpflege und Nachhaltigkeit Ihres Marketings. Informieren sie z.B. Ihre Kunden regelm\u00e4\u00dfig \u00fcber einen Newsletter oder bieten Sie M\u00f6glichkeiten Ihre Websiteartikel direkt zu abonnieren. Zudem bieten auch hier Social Media Kan\u00e4le eine gute M\u00f6glichkeit f\u00fcr die Streuung von Informationen, denn auch Facebook Fans und Twitter Follower sind Ihre Stammkunden und potenzielle Interessierte, die Infos von Ihrem Unternehmen haben wollen. <\/div><\/div> <\/div>\n<div class=\"su-tabs-pane su-u-clearfix su-u-trim\" data-title=\"Auswertung und Kontrolle\"> Die beste Website bringt inklusive eine umfangreichen Optimierung nichts, wenn man im Nachgang nicht feststellen kann, wer die Besucher der <a href=\"https:\/\/markeloop.de\/wp-content\/uploads\/2011\/02\/videoclips-fuer-unternehmen.png\"><img loading=\"lazy\" decoding=\"async\" class=\"alignright wp-image-3665\" src=\"https:\/\/markeloop.de\/wp-content\/uploads\/2011\/02\/videoclips-fuer-unternehmen-588x1024.png\" alt=\"videoclips-fuer-unternehmen\" width=\"302\" height=\"525\" \/><\/a>Website waren und wie sich diese verhalten haben. Auswertungssysteme gehen dabei mittlerweile weit weg von der Anzahl der Besucher pro Tag, was meist nur noch als Randnotiz verwertbar ist.<\/p>\n<p>Markeloop hinterlegt f\u00fcr jedes Web- und Onlinemarketingprojekt eine Auswertungsm\u00f6glichkeit mit folgenden Fragen:<br \/>\n&#8211; Wie war das Suchverhalten der Besucher und Websitebenutzer? &#8211; Welche Schl\u00fcsselbegriffe wurden bei Google und Co eingegeben? &#8211; Wie sind die Besucher auf die Seite aufmerksam geworden? &#8211; Welchen Weg haben die Besucher auf der Website gew\u00e4hlt? &#8211; Wo sind Besucher in die Website eingestiegen? &#8211; Wie oft wurden Links auf der Website angeklickt? &#8211; Wo sind Besucher auf der Website ausgestiegen? &#8211; Aus welchem Gebiet kommen die Besucher? &#8211; u.a. <\/div><\/div><\/div>\n","protected":false},"excerpt":{"rendered":"","protected":false},"author":1,"featured_media":0,"parent":0,"menu_order":0,"comment_status":"closed","ping_status":"closed","template":"","meta":{"rank_math_lock_modified_date":false,"footnotes":"","_links_to":"","_links_to_target":""},"class_list":["post-3708","page","type-page","status-publish","hentry"],"_links":{"self":[{"href":"https:\/\/markeloop.de\/internetagentur\/wp-json\/wp\/v2\/pages\/3708","targetHints":{"allow":["GET"]}}],"collection":[{"href":"https:\/\/markeloop.de\/internetagentur\/wp-json\/wp\/v2\/pages"}],"about":[{"href":"https:\/\/markeloop.de\/internetagentur\/wp-json\/wp\/v2\/types\/page"}],"author":[{"embeddable":true,"href":"https:\/\/markeloop.de\/internetagentur\/wp-json\/wp\/v2\/users\/1"}],"replies":[{"embeddable":true,"href":"https:\/\/markeloop.de\/internetagentur\/wp-json\/wp\/v2\/comments?post=3708"}],"version-history":[{"count":5,"href":"https:\/\/markeloop.de\/internetagentur\/wp-json\/wp\/v2\/pages\/3708\/revisions"}],"predecessor-version":[{"id":22891,"href":"https:\/\/markeloop.de\/internetagentur\/wp-json\/wp\/v2\/pages\/3708\/revisions\/22891"}],"wp:attachment":[{"href":"https:\/\/markeloop.de\/internetagentur\/wp-json\/wp\/v2\/media?parent=3708"}],"curies":[{"name":"wp","href":"https:\/\/api.w.org\/{rel}","templated":true}]}}