{"id":3725,"date":"2015-02-05T09:24:33","date_gmt":"2015-02-05T08:24:33","guid":{"rendered":"https:\/\/markeloop.de\/?page_id=3725"},"modified":"2024-10-11T14:08:37","modified_gmt":"2024-10-11T12:08:37","slug":"wordpress-websites","status":"publish","type":"page","link":"https:\/\/markeloop.de\/internetagentur\/das-online-puzzleteil\/wordpress-websites\/","title":{"rendered":"Website L\u00f6sungen"},"content":{"rendered":"<div class=\"su-row\"><div class=\"su-column su-column-size-1-2\"><div class=\"su-column-inner su-u-clearfix su-u-trim\">\n<p>Bevor Sie mit Ihrem Unternehmen im Internet starten, ist es wichtig sich das Ziel der Website vor die Augen zu f\u00fchren. Stellen Sie sich folgende Grundfragen:<\/p>\n<ul>\n<li>Was und wen will ich mit der Website erreichen?<\/li>\n<li>Ist die Website mein Hauptmarketingweg?<\/li>\n<li>Plane ich langfristige Erweiterungen auf der Website?<\/li>\n<li>Wer soll die Website verwalten und pflegen k\u00f6nnen?<\/li>\n<li>Wie soll mein Unternehmen generell im Web auftreten?<\/li>\n<\/ul>\n<p><strong>Markeloop<\/strong> bietet <strong>Websitel\u00f6sungen<\/strong> in Verbindung mit <strong>kompetenter Beratung<\/strong> und einen <strong>schnellen und flexiblen<\/strong>\u00a0<strong>Rundumservice<\/strong> f\u00fcr den <strong>Kleinunternehmer<\/strong> bis hin zum\u00a0<strong>Mittelstand<\/strong>. Neben Responsive Design und der damit verbundenen Kompabilit\u00e4t in Bezug auf mobile Endger\u00e4te stehen bei der Entwicklung und Betreuung Ihre W\u00fcnsche im Fokus.<\/p>\n<p>WordPress ist mittlerweile das beliebteste CMS-System weltweit und besonders hinsichtlich Pflege und hoher Beliebtheit bei Google eine gute Entscheidung f\u00fcr Ihre Website. WordPressl\u00f6sungen sind sehr flexibel und lassen sich sowohl bei kleinen Internetseite als auch bei gro\u00dfen Projekten mit Onlineshops etc. einsetzen. Der Vorteil liegt in der hohen Auswhal von bereits grundlegend programmierten Plugins und einer weltweiten Entwicklergemeinde, die das System stetig hinsichtlich Sicherheit pr\u00fcft.<\/p>\n<p>&nbsp;<\/p>\n<h3>Noch Fragen oder ein Projekt?<\/h3>\n\n<div class=\"wpcf7 no-js\" id=\"wpcf7-f3743-o1\" lang=\"en-US\" dir=\"ltr\">\n<div class=\"screen-reader-response\"><p role=\"status\" aria-live=\"polite\" aria-atomic=\"true\"><\/p> <ul><\/ul><\/div>\n<form action=\"\/internetagentur\/wp-json\/wp\/v2\/pages\/3725#wpcf7-f3743-o1\" method=\"post\" class=\"wpcf7-form init\" aria-label=\"Contact form\" novalidate=\"novalidate\" data-status=\"init\">\n<div style=\"display: none;\">\n<input type=\"hidden\" name=\"_wpcf7\" value=\"3743\" \/>\n<input type=\"hidden\" name=\"_wpcf7_version\" value=\"5.9.8\" \/>\n<input type=\"hidden\" name=\"_wpcf7_locale\" value=\"en_US\" \/>\n<input type=\"hidden\" name=\"_wpcf7_unit_tag\" value=\"wpcf7-f3743-o1\" \/>\n<input type=\"hidden\" name=\"_wpcf7_container_post\" value=\"0\" \/>\n<input type=\"hidden\" name=\"_wpcf7_posted_data_hash\" value=\"\" \/>\n<\/div>\n<p>Ihr Name\n<\/p>\n<p><span class=\"wpcf7-form-control-wrap\" data-name=\"text-358\"><input size=\"40\" maxlength=\"400\" class=\"wpcf7-form-control wpcf7-text\" aria-invalid=\"false\" value=\"\" type=\"text\" name=\"text-358\" \/><\/span>\n<\/p>\n<p>Ihr Unternehmen\n<\/p>\n<p><span class=\"wpcf7-form-control-wrap\" data-name=\"text-498\"><input size=\"40\" maxlength=\"400\" class=\"wpcf7-form-control wpcf7-text\" aria-invalid=\"false\" value=\"\" type=\"text\" name=\"text-498\" \/><\/span>\n<\/p>\n<p>Ihre Telefonnummer\n<\/p>\n<p><span class=\"wpcf7-form-control-wrap\" data-name=\"text-617\"><input size=\"40\" maxlength=\"400\" class=\"wpcf7-form-control wpcf7-text\" aria-invalid=\"false\" value=\"\" type=\"text\" name=\"text-617\" \/><\/span>\n<\/p>\n<p>Ihre E-Mail-Adresse\n<\/p>\n<p><span class=\"wpcf7-form-control-wrap\" data-name=\"your-email\"><input size=\"40\" maxlength=\"400\" class=\"wpcf7-form-control wpcf7-email wpcf7-validates-as-required wpcf7-text wpcf7-validates-as-email\" aria-required=\"true\" aria-invalid=\"false\" value=\"\" type=\"email\" name=\"your-email\" \/><\/span>\n<\/p>\n<p>Ihre Nachricht\n<\/p>\n<p><span class=\"wpcf7-form-control-wrap\" data-name=\"your-message\"><textarea cols=\"40\" rows=\"10\" maxlength=\"2000\" class=\"wpcf7-form-control wpcf7-textarea\" aria-invalid=\"false\" name=\"your-message\"><\/textarea><\/span>\n<\/p>\n<p>Die <a href=\"https:\/\/markeloop.de\/datenschutz\">Datenschutzerkl\u00e4rung<\/a> habe ich gelesen und bin damit einverstanden\n<\/p>\n<p><span class=\"wpcf7-form-control-wrap\" data-name=\"acceptance-463\"><span class=\"wpcf7-form-control wpcf7-acceptance\"><span class=\"wpcf7-list-item\"><input type=\"checkbox\" name=\"acceptance-463\" value=\"1\" aria-invalid=\"false\" \/><\/span><\/span><\/span>\n<\/p>\n<p><input class=\"wpcf7-form-control wpcf7-submit has-spinner\" type=\"submit\" value=\"Senden\" \/>\n<\/p><input type=\"hidden\" id=\"ct_checkjs_cf7_a9b7ba70783b617e9998dc4dd82eb3c5\" name=\"ct_checkjs_cf7\" value=\"0\" \/><script >setTimeout(function(){var ct_input_name = \"ct_checkjs_cf7_a9b7ba70783b617e9998dc4dd82eb3c5\";if (document.getElementById(ct_input_name) !== null) {var ct_input_value = document.getElementById(ct_input_name).value;document.getElementById(ct_input_name).value = document.getElementById(ct_input_name).value.replace(ct_input_value, '945778924');}}, 1000);<\/script><input\n                    class=\"apbct_special_field apbct_email_id__wp_contact_form_7\"\n                    name=\"apbct__email_id__wp_contact_form_7\"\n                    aria-label=\"apbct__label_id__wp_contact_form_7\"\n                    type=\"text\" size=\"30\" maxlength=\"200\" autocomplete=\"off\"\n                    value=\"\"\n                \/><div class=\"wpcf7-response-output\" aria-hidden=\"true\"><\/div>\n<\/form>\n<\/div>\n\n<\/div><\/div>\n<div class=\"su-column su-column-size-1-2\"><div class=\"su-column-inner su-u-clearfix su-u-trim\"> <div class=\"su-box su-box-style-noise\" id=\"\" style=\"border-color:#cccccc;border-radius:1px\"><div class=\"su-box-title\" style=\"background-color:#ffffff;color:#000000;border-top-left-radius:0px;border-top-right-radius:0px\">Leistungen <\/div><div class=\"su-box-content su-u-clearfix su-u-trim\" style=\"border-bottom-left-radius:0px;border-bottom-right-radius:0px\">\n<p>&#8211; Vorabgespr\u00e4ch zur WordPress Website<br \/>\n&#8211; Websitekonzepterstellung<br \/>\n&#8211; Technische Einrichtung der Website<br \/>\n&#8211; Designentwicklung auf WordPressbasis<br \/>\n&#8211; Websiteerstellung<br \/>\n&#8211; Seitenbaumentwicklung<br \/>\n&#8211; Integration von Plugins<br \/>\n&#8211; (Shoperweiterung)<br \/>\n&#8211; Integration von Text &#8211; und Bildbausteinen<br \/>\n&#8211; Komplette Suchmaschinenoptimierung<br \/>\n&#8211; Leitfaden und Schulung zur Websitepflege<br \/>\n&#8211; Responsive Design f\u00fcr Handy und Tablets<br \/>\n&#8211; (Onlinemarketing)<br \/>\n&#8211; Auswertungstool<\/p>\n<\/div><\/div> <div class=\"su-box su-box-style-noise\" id=\"\" style=\"border-color:#cccccc;border-radius:1px\"><div class=\"su-box-title\" style=\"background-color:#ffffff;color:#000000;border-top-left-radius:0px;border-top-right-radius:0px\">Geeignet f\u00fcr<\/div><div class=\"su-box-content su-u-clearfix su-u-trim\" style=\"border-bottom-left-radius:0px;border-bottom-right-radius:0px\"> Unternehmen aller Art und Branchen, die im Internet einen soliden, erweiterbaren und leicht zu pflegenden Auftritt suchen. <\/div><\/div>\n<p><a href=\"http:\/\/www.lennigers-leckerbissen.de\" target=\"_blank\" rel=\"attachment wp-att-3983 noopener\"><img fetchpriority=\"high\" decoding=\"async\" class=\"alignnone wp-image-3983\" src=\"https:\/\/markeloop.de\/wp-content\/uploads\/2015\/02\/LEnnigerneu-1024x602.png\" alt=\"LEnnigerneu\" width=\"452\" height=\"266\" srcset=\"https:\/\/markeloop.de\/internetagentur\/wp-content\/uploads\/sites\/3\/2015\/02\/LEnnigerneu-1024x602.png 1024w, https:\/\/markeloop.de\/internetagentur\/wp-content\/uploads\/sites\/3\/2015\/02\/LEnnigerneu-300x177.png 300w, https:\/\/markeloop.de\/internetagentur\/wp-content\/uploads\/sites\/3\/2015\/02\/LEnnigerneu-768x452.png 768w, https:\/\/markeloop.de\/internetagentur\/wp-content\/uploads\/sites\/3\/2015\/02\/LEnnigerneu.png 1256w\" sizes=\"(max-width: 452px) 100vw, 452px\" \/><\/a><\/p>\n<\/div><\/div> <\/div>\n","protected":false},"excerpt":{"rendered":"","protected":false},"author":1,"featured_media":0,"parent":3708,"menu_order":0,"comment_status":"closed","ping_status":"closed","template":"","meta":{"rank_math_lock_modified_date":false,"footnotes":"","_links_to":"","_links_to_target":""},"class_list":["post-3725","page","type-page","status-publish","hentry"],"_links":{"self":[{"href":"https:\/\/markeloop.de\/internetagentur\/wp-json\/wp\/v2\/pages\/3725","targetHints":{"allow":["GET"]}}],"collection":[{"href":"https:\/\/markeloop.de\/internetagentur\/wp-json\/wp\/v2\/pages"}],"about":[{"href":"https:\/\/markeloop.de\/internetagentur\/wp-json\/wp\/v2\/types\/page"}],"author":[{"embeddable":true,"href":"https:\/\/markeloop.de\/internetagentur\/wp-json\/wp\/v2\/users\/1"}],"replies":[{"embeddable":true,"href":"https:\/\/markeloop.de\/internetagentur\/wp-json\/wp\/v2\/comments?post=3725"}],"version-history":[{"count":5,"href":"https:\/\/markeloop.de\/internetagentur\/wp-json\/wp\/v2\/pages\/3725\/revisions"}],"predecessor-version":[{"id":22921,"href":"https:\/\/markeloop.de\/internetagentur\/wp-json\/wp\/v2\/pages\/3725\/revisions\/22921"}],"up":[{"embeddable":true,"href":"https:\/\/markeloop.de\/internetagentur\/wp-json\/wp\/v2\/pages\/3708"}],"wp:attachment":[{"href":"https:\/\/markeloop.de\/internetagentur\/wp-json\/wp\/v2\/media?parent=3725"}],"curies":[{"name":"wp","href":"https:\/\/api.w.org\/{rel}","templated":true}]}}