{"id":3731,"date":"2015-02-05T09:25:48","date_gmt":"2015-02-05T08:25:48","guid":{"rendered":"https:\/\/markeloop.de\/?page_id=3731"},"modified":"2024-10-10T12:11:09","modified_gmt":"2024-10-10T10:11:09","slug":"visitenkarten-website","status":"publish","type":"page","link":"https:\/\/markeloop.de\/internetagentur\/das-online-puzzleteil\/visitenkarten-website\/","title":{"rendered":"Die kleine L\u00f6sung im Netz"},"content":{"rendered":"<div class=\"su-row\"><div class=\"su-column su-column-size-1-2\"><div class=\"su-column-inner su-u-clearfix su-u-trim\">\n<p>Eine Visitenkarten Website eignet sich besonders f\u00fcr kleine Unternehmen, die sich kurz und auf den Punkt gebracht im Internet pr\u00e4sentieren wollen und f\u00fcr die eine Website nicht der Hauptvertriebsweg darstellt. Visitenkarten Websites bestehen meist aus einer einfachen Struktur und k\u00f6nnen \u00fcber HTML oder \u00fcber eine einfache WordPress Seite realisiert werden.<\/p>\n<p>&nbsp;<\/p>\n<h3>Noch Fragen oder ein Projekt?<\/h3>\n\n<div class=\"wpcf7 no-js\" id=\"wpcf7-f3743-o1\" lang=\"en-US\" dir=\"ltr\">\n<div class=\"screen-reader-response\"><p role=\"status\" aria-live=\"polite\" aria-atomic=\"true\"><\/p> <ul><\/ul><\/div>\n<form action=\"\/internetagentur\/wp-json\/wp\/v2\/pages\/3731#wpcf7-f3743-o1\" method=\"post\" class=\"wpcf7-form init\" aria-label=\"Contact form\" novalidate=\"novalidate\" data-status=\"init\">\n<div style=\"display: none;\">\n<input type=\"hidden\" name=\"_wpcf7\" value=\"3743\" \/>\n<input type=\"hidden\" name=\"_wpcf7_version\" value=\"5.9.8\" \/>\n<input type=\"hidden\" name=\"_wpcf7_locale\" value=\"en_US\" \/>\n<input type=\"hidden\" name=\"_wpcf7_unit_tag\" value=\"wpcf7-f3743-o1\" \/>\n<input type=\"hidden\" name=\"_wpcf7_container_post\" value=\"0\" \/>\n<input type=\"hidden\" name=\"_wpcf7_posted_data_hash\" value=\"\" \/>\n<\/div>\n<p>Ihr Name\n<\/p>\n<p><span class=\"wpcf7-form-control-wrap\" data-name=\"text-358\"><input size=\"40\" maxlength=\"400\" class=\"wpcf7-form-control wpcf7-text\" aria-invalid=\"false\" value=\"\" type=\"text\" name=\"text-358\" \/><\/span>\n<\/p>\n<p>Ihr Unternehmen\n<\/p>\n<p><span class=\"wpcf7-form-control-wrap\" data-name=\"text-498\"><input size=\"40\" maxlength=\"400\" class=\"wpcf7-form-control wpcf7-text\" aria-invalid=\"false\" value=\"\" type=\"text\" name=\"text-498\" \/><\/span>\n<\/p>\n<p>Ihre Telefonnummer\n<\/p>\n<p><span class=\"wpcf7-form-control-wrap\" data-name=\"text-617\"><input size=\"40\" maxlength=\"400\" class=\"wpcf7-form-control wpcf7-text\" aria-invalid=\"false\" value=\"\" type=\"text\" name=\"text-617\" \/><\/span>\n<\/p>\n<p>Ihre E-Mail-Adresse\n<\/p>\n<p><span class=\"wpcf7-form-control-wrap\" data-name=\"your-email\"><input size=\"40\" maxlength=\"400\" class=\"wpcf7-form-control wpcf7-email wpcf7-validates-as-required wpcf7-text wpcf7-validates-as-email\" aria-required=\"true\" aria-invalid=\"false\" value=\"\" type=\"email\" name=\"your-email\" \/><\/span>\n<\/p>\n<p>Ihre Nachricht\n<\/p>\n<p><span class=\"wpcf7-form-control-wrap\" data-name=\"your-message\"><textarea cols=\"40\" rows=\"10\" maxlength=\"2000\" class=\"wpcf7-form-control wpcf7-textarea\" aria-invalid=\"false\" name=\"your-message\"><\/textarea><\/span>\n<\/p>\n<p>Die <a href=\"https:\/\/markeloop.de\/datenschutz\">Datenschutzerkl\u00e4rung<\/a> habe ich gelesen und bin damit einverstanden\n<\/p>\n<p><span class=\"wpcf7-form-control-wrap\" data-name=\"acceptance-463\"><span class=\"wpcf7-form-control wpcf7-acceptance\"><span class=\"wpcf7-list-item\"><input type=\"checkbox\" name=\"acceptance-463\" value=\"1\" aria-invalid=\"false\" \/><\/span><\/span><\/span>\n<\/p>\n<p><input class=\"wpcf7-form-control wpcf7-submit has-spinner\" type=\"submit\" value=\"Senden\" \/>\n<\/p><input type=\"hidden\" id=\"ct_checkjs_cf7_e369853df766fa44e1ed0ff613f563bd\" name=\"ct_checkjs_cf7\" value=\"0\" \/><script >setTimeout(function(){var ct_input_name = \"ct_checkjs_cf7_e369853df766fa44e1ed0ff613f563bd\";if (document.getElementById(ct_input_name) !== null) {var ct_input_value = document.getElementById(ct_input_name).value;document.getElementById(ct_input_name).value = document.getElementById(ct_input_name).value.replace(ct_input_value, '945778924');}}, 1000);<\/script><input\n                    class=\"apbct_special_field apbct_email_id__wp_contact_form_7\"\n                    name=\"apbct__email_id__wp_contact_form_7\"\n                    aria-label=\"apbct__label_id__wp_contact_form_7\"\n                    type=\"text\" size=\"30\" maxlength=\"200\" autocomplete=\"off\"\n                    value=\"\"\n                \/><div class=\"wpcf7-response-output\" aria-hidden=\"true\"><\/div>\n<\/form>\n<\/div>\n\n<\/div><\/div>\n<div class=\"su-column su-column-size-1-2\"><div class=\"su-column-inner su-u-clearfix su-u-trim\"> <div class=\"su-box su-box-style-noise\" id=\"\" style=\"border-color:#cccccc;border-radius:1px\"><div class=\"su-box-title\" style=\"background-color:#ffffff;color:#000000;border-top-left-radius:0px;border-top-right-radius:0px\">Leistungen <\/div><div class=\"su-box-content su-u-clearfix su-u-trim\" style=\"border-bottom-left-radius:0px;border-bottom-right-radius:0px\">\n<p>&#8211; Vorabgespr\u00e4ch zur Website<br \/>\n&#8211; Designentwicklung mit HTML oder auf WordPressbasis<br \/>\n&#8211; Websiteerstellung<br \/>\n&#8211; Seitenentwicklung f\u00fcr max. 6 Seiten<br \/>\n&#8211; Grundlegende Suchmaschinenoptimierung<br \/>\n&#8211; Leitfaden zur Websitepflege als Pdf<br \/>\n<\/div><\/div> <div class=\"su-box su-box-style-noise\" id=\"\" style=\"border-color:#cccccc;border-radius:1px\"><div class=\"su-box-title\" style=\"background-color:#ffffff;color:#000000;border-top-left-radius:0px;border-top-right-radius:0px\">Geeignet f\u00fcr<\/div><div class=\"su-box-content su-u-clearfix su-u-trim\" style=\"border-bottom-left-radius:0px;border-bottom-right-radius:0px\"> kleine Unternehmen, Einzelunternehmer, Unternehmen, die nur begleitend im Internet dabei sein wollen <\/div><\/div>\n<p><a href=\"https:\/\/markeloop.de\/wp-content\/uploads\/2018\/04\/muehle-altenburen.jpg\"><img fetchpriority=\"high\" decoding=\"async\" class=\"alignnone  wp-image-4240\" src=\"https:\/\/markeloop.de\/wp-content\/uploads\/2018\/04\/muehle-altenburen-1024x808.jpg\" alt=\"\" width=\"548\" height=\"432\" srcset=\"https:\/\/markeloop.de\/internetagentur\/wp-content\/uploads\/sites\/3\/2018\/04\/muehle-altenburen-1024x808.jpg 1024w, https:\/\/markeloop.de\/internetagentur\/wp-content\/uploads\/sites\/3\/2018\/04\/muehle-altenburen-300x237.jpg 300w, https:\/\/markeloop.de\/internetagentur\/wp-content\/uploads\/sites\/3\/2018\/04\/muehle-altenburen-768x606.jpg 768w, https:\/\/markeloop.de\/internetagentur\/wp-content\/uploads\/sites\/3\/2018\/04\/muehle-altenburen.jpg 1145w\" sizes=\"(max-width: 548px) 100vw, 548px\" \/><\/a><\/p>\n<\/div><\/div> <\/div>\n","protected":false},"excerpt":{"rendered":"","protected":false},"author":1,"featured_media":0,"parent":3708,"menu_order":0,"comment_status":"closed","ping_status":"closed","template":"","meta":{"rank_math_lock_modified_date":false,"footnotes":"","_links_to":"","_links_to_target":""},"class_list":["post-3731","page","type-page","status-publish","hentry"],"_links":{"self":[{"href":"https:\/\/markeloop.de\/internetagentur\/wp-json\/wp\/v2\/pages\/3731","targetHints":{"allow":["GET"]}}],"collection":[{"href":"https:\/\/markeloop.de\/internetagentur\/wp-json\/wp\/v2\/pages"}],"about":[{"href":"https:\/\/markeloop.de\/internetagentur\/wp-json\/wp\/v2\/types\/page"}],"author":[{"embeddable":true,"href":"https:\/\/markeloop.de\/internetagentur\/wp-json\/wp\/v2\/users\/1"}],"replies":[{"embeddable":true,"href":"https:\/\/markeloop.de\/internetagentur\/wp-json\/wp\/v2\/comments?post=3731"}],"version-history":[{"count":2,"href":"https:\/\/markeloop.de\/internetagentur\/wp-json\/wp\/v2\/pages\/3731\/revisions"}],"predecessor-version":[{"id":22892,"href":"https:\/\/markeloop.de\/internetagentur\/wp-json\/wp\/v2\/pages\/3731\/revisions\/22892"}],"up":[{"embeddable":true,"href":"https:\/\/markeloop.de\/internetagentur\/wp-json\/wp\/v2\/pages\/3708"}],"wp:attachment":[{"href":"https:\/\/markeloop.de\/internetagentur\/wp-json\/wp\/v2\/media?parent=3731"}],"curies":[{"name":"wp","href":"https:\/\/api.w.org\/{rel}","templated":true}]}}