{"id":3733,"date":"2015-02-05T09:26:14","date_gmt":"2015-02-05T08:26:14","guid":{"rendered":"https:\/\/markeloop.de\/?page_id=3733"},"modified":"2024-10-11T14:07:14","modified_gmt":"2024-10-11T12:07:14","slug":"marketingberatung","status":"publish","type":"page","link":"https:\/\/markeloop.de\/internetagentur\/das-online-puzzleteil\/marketingberatung\/","title":{"rendered":"Marketingberatung"},"content":{"rendered":"<div class=\"su-row\"><div class=\"su-column su-column-size-1-2\"><div class=\"su-column-inner su-u-clearfix su-u-trim\">\n<p>Seit 2007 bin ich gelernter Marketing Manager und habe zahlreiche Existenzgr\u00fcnder und Unternehmer in der Praxis begleitet. Bei der Marketingberatung komme ich zu Ihnen ins Unternehmen und bin beratend und unterst\u00fctzend t\u00e4tig.<\/p>\n<p>Die eigentliche Arbeit von Markeloop\u00a0beginnt mit einem Marketingkonzept &#8211; der ganzheitliche Ansatz und die langfristige Betreuung von Kunden ist uns wichtig.<\/p>\n<p>\u00dcber den sogenannten\u00a0Marke(ting) &#8211; Loop(ing)\u00a0betrachtet Markeloop Ihr Unternehmen zun\u00e4chst \u00fcber einen Analyseprozess des IST Zustandes. Danach werden Projektziele definiert.<\/p>\n<p>Um diese Ziele bestm\u00f6glich erreichen zu k\u00f6nnen, entwickelt Markeloop die f\u00fcr Sie optimalen Marketingbausteine und setzt diese unter Ber\u00fccksichtigung von st\u00e4ndiger Kontrolle auf dem Markt um. Dabei beachtet Markeloop Ihre Budgetvorstellungen und Ihre Wettbewerbsposition.<\/p>\n<p>Das Marketingkonzept bildet in allen\u00a0Portfoliobereichen von Markeloop eine Grundlage f\u00fcr Ihr erfolgreiches Onlinemarketing.<\/p>\n<p>&nbsp;<\/p>\n<h3>Noch Fragen oder ein Projekt?<\/h3>\n\n<div class=\"wpcf7 no-js\" id=\"wpcf7-f3743-o1\" lang=\"en-US\" dir=\"ltr\">\n<div class=\"screen-reader-response\"><p role=\"status\" aria-live=\"polite\" aria-atomic=\"true\"><\/p> <ul><\/ul><\/div>\n<form action=\"\/internetagentur\/wp-json\/wp\/v2\/pages\/3733#wpcf7-f3743-o1\" method=\"post\" class=\"wpcf7-form init\" aria-label=\"Contact form\" novalidate=\"novalidate\" data-status=\"init\">\n<div style=\"display: none;\">\n<input type=\"hidden\" name=\"_wpcf7\" value=\"3743\" \/>\n<input type=\"hidden\" name=\"_wpcf7_version\" value=\"5.9.8\" \/>\n<input type=\"hidden\" name=\"_wpcf7_locale\" value=\"en_US\" \/>\n<input type=\"hidden\" name=\"_wpcf7_unit_tag\" value=\"wpcf7-f3743-o1\" \/>\n<input type=\"hidden\" name=\"_wpcf7_container_post\" value=\"0\" \/>\n<input type=\"hidden\" name=\"_wpcf7_posted_data_hash\" value=\"\" \/>\n<\/div>\n<p>Ihr Name\n<\/p>\n<p><span class=\"wpcf7-form-control-wrap\" data-name=\"text-358\"><input size=\"40\" maxlength=\"400\" class=\"wpcf7-form-control wpcf7-text\" aria-invalid=\"false\" value=\"\" type=\"text\" name=\"text-358\" \/><\/span>\n<\/p>\n<p>Ihr Unternehmen\n<\/p>\n<p><span class=\"wpcf7-form-control-wrap\" data-name=\"text-498\"><input size=\"40\" maxlength=\"400\" class=\"wpcf7-form-control wpcf7-text\" aria-invalid=\"false\" value=\"\" type=\"text\" name=\"text-498\" \/><\/span>\n<\/p>\n<p>Ihre Telefonnummer\n<\/p>\n<p><span class=\"wpcf7-form-control-wrap\" data-name=\"text-617\"><input size=\"40\" maxlength=\"400\" class=\"wpcf7-form-control wpcf7-text\" aria-invalid=\"false\" value=\"\" type=\"text\" name=\"text-617\" \/><\/span>\n<\/p>\n<p>Ihre E-Mail-Adresse\n<\/p>\n<p><span class=\"wpcf7-form-control-wrap\" data-name=\"your-email\"><input size=\"40\" maxlength=\"400\" class=\"wpcf7-form-control wpcf7-email wpcf7-validates-as-required wpcf7-text wpcf7-validates-as-email\" aria-required=\"true\" aria-invalid=\"false\" value=\"\" type=\"email\" name=\"your-email\" \/><\/span>\n<\/p>\n<p>Ihre Nachricht\n<\/p>\n<p><span class=\"wpcf7-form-control-wrap\" data-name=\"your-message\"><textarea cols=\"40\" rows=\"10\" maxlength=\"2000\" class=\"wpcf7-form-control wpcf7-textarea\" aria-invalid=\"false\" name=\"your-message\"><\/textarea><\/span>\n<\/p>\n<p>Die <a href=\"https:\/\/markeloop.de\/datenschutz\">Datenschutzerkl\u00e4rung<\/a> habe ich gelesen und bin damit einverstanden\n<\/p>\n<p><span class=\"wpcf7-form-control-wrap\" data-name=\"acceptance-463\"><span class=\"wpcf7-form-control wpcf7-acceptance\"><span class=\"wpcf7-list-item\"><input type=\"checkbox\" name=\"acceptance-463\" value=\"1\" aria-invalid=\"false\" \/><\/span><\/span><\/span>\n<\/p>\n<p><input class=\"wpcf7-form-control wpcf7-submit has-spinner\" type=\"submit\" value=\"Senden\" \/>\n<\/p><input type=\"hidden\" id=\"ct_checkjs_cf7_e555ebe0ce426f7f9b2bef0706315e0c\" name=\"ct_checkjs_cf7\" value=\"0\" \/><script >setTimeout(function(){var ct_input_name = \"ct_checkjs_cf7_e555ebe0ce426f7f9b2bef0706315e0c\";if (document.getElementById(ct_input_name) !== null) {var ct_input_value = document.getElementById(ct_input_name).value;document.getElementById(ct_input_name).value = document.getElementById(ct_input_name).value.replace(ct_input_value, '945778924');}}, 1000);<\/script><input\n                    class=\"apbct_special_field apbct_email_id__wp_contact_form_7\"\n                    name=\"apbct__email_id__wp_contact_form_7\"\n                    aria-label=\"apbct__label_id__wp_contact_form_7\"\n                    type=\"text\" size=\"30\" maxlength=\"200\" autocomplete=\"off\"\n                    value=\"\"\n                \/><div class=\"wpcf7-response-output\" aria-hidden=\"true\"><\/div>\n<\/form>\n<\/div>\n\n<\/div><\/div>\n<div class=\"su-column su-column-size-1-2\"><div class=\"su-column-inner su-u-clearfix su-u-trim\"> <div class=\"su-box su-box-style-noise\" id=\"\" style=\"border-color:#cccccc;border-radius:1px\"><div class=\"su-box-title\" style=\"background-color:#ffffff;color:#000000;border-top-left-radius:0px;border-top-right-radius:0px\">Leistungen <\/div><div class=\"su-box-content su-u-clearfix su-u-trim\" style=\"border-bottom-left-radius:0px;border-bottom-right-radius:0px\">\n<ul>\n<li>Vorabgespr\u00e4ch in Ihrem Unternehmen<\/li>\n<li>Wir kommen in Ihr Unternehmen und schauen uns die Marketingprozesse gemeinsam an<\/li>\n<li>Auswertung der aktuellen Ma\u00dfnahmen<\/li>\n<li>Vorschl\u00e4ge f\u00fcr Verbesserungen und Ver\u00e4nderungen<\/li>\n<li>Beratende Rolle im Unternehmen durch Vortr\u00e4ge in Abteilungen, Anpassungen von Kommunikationswegen zu Kunden und M\u00e4rkten<\/li>\n<li>Langfristige Unterst\u00fctzung Ihres Unternehmens<\/li>\n<\/ul>\n<\/div><\/div> <div class=\"su-box su-box-style-noise\" id=\"\" style=\"border-color:#cccccc;border-radius:1px\"><div class=\"su-box-title\" style=\"background-color:#ffffff;color:#000000;border-top-left-radius:0px;border-top-right-radius:0px\">Geeignet f\u00fcr<\/div><div class=\"su-box-content su-u-clearfix su-u-trim\" style=\"border-bottom-left-radius:0px;border-bottom-right-radius:0px\"> Unternehmen, die Ihr Marketing insgesamt verbessern und Schwachstellen aufbessern wollen.<\/div><\/div>\n<p><img fetchpriority=\"high\" decoding=\"async\" class=\"alignnone size-full wp-image-22904\" src=\"https:\/\/markeloop.de\/internetagentur\/wp-content\/uploads\/sites\/3\/2024\/10\/20240917_191319.jpg\" alt=\"\" width=\"640\" height=\"480\" srcset=\"https:\/\/markeloop.de\/internetagentur\/wp-content\/uploads\/sites\/3\/2024\/10\/20240917_191319.jpg 640w, https:\/\/markeloop.de\/internetagentur\/wp-content\/uploads\/sites\/3\/2024\/10\/20240917_191319-300x225.jpg 300w\" sizes=\"(max-width: 640px) 100vw, 640px\" \/><\/p>\n<\/div><\/div> <\/div>\n","protected":false},"excerpt":{"rendered":"","protected":false},"author":1,"featured_media":0,"parent":3708,"menu_order":0,"comment_status":"closed","ping_status":"closed","template":"","meta":{"rank_math_lock_modified_date":false,"footnotes":"","_links_to":"","_links_to_target":""},"class_list":["post-3733","page","type-page","status-publish","hentry"],"_links":{"self":[{"href":"https:\/\/markeloop.de\/internetagentur\/wp-json\/wp\/v2\/pages\/3733","targetHints":{"allow":["GET"]}}],"collection":[{"href":"https:\/\/markeloop.de\/internetagentur\/wp-json\/wp\/v2\/pages"}],"about":[{"href":"https:\/\/markeloop.de\/internetagentur\/wp-json\/wp\/v2\/types\/page"}],"author":[{"embeddable":true,"href":"https:\/\/markeloop.de\/internetagentur\/wp-json\/wp\/v2\/users\/1"}],"replies":[{"embeddable":true,"href":"https:\/\/markeloop.de\/internetagentur\/wp-json\/wp\/v2\/comments?post=3733"}],"version-history":[{"count":5,"href":"https:\/\/markeloop.de\/internetagentur\/wp-json\/wp\/v2\/pages\/3733\/revisions"}],"predecessor-version":[{"id":22919,"href":"https:\/\/markeloop.de\/internetagentur\/wp-json\/wp\/v2\/pages\/3733\/revisions\/22919"}],"up":[{"embeddable":true,"href":"https:\/\/markeloop.de\/internetagentur\/wp-json\/wp\/v2\/pages\/3708"}],"wp:attachment":[{"href":"https:\/\/markeloop.de\/internetagentur\/wp-json\/wp\/v2\/media?parent=3733"}],"curies":[{"name":"wp","href":"https:\/\/api.w.org\/{rel}","templated":true}]}}